{"id":1358,"date":"2021-02-02T08:23:02","date_gmt":"2021-02-02T08:23:02","guid":{"rendered":"https:\/\/www.origami-klub-ludbreg.hr\/index.php\/portfolio\/"},"modified":"2024-04-30T11:28:57","modified_gmt":"2024-04-30T11:28:57","slug":"gdje-smo","status":"publish","type":"page","link":"https:\/\/www.origami-klub-ludbreg.hr\/index.php\/gdje-smo\/","title":{"rendered":"Gdje smo"},"content":{"rendered":"\t\t<div data-elementor-type=\"wp-page\" data-elementor-id=\"1358\" class=\"elementor elementor-1358\">\n\t\t\t\t\t\t<section class=\"elementor-section elementor-top-section elementor-element elementor-element-019dc77 elementor-section-height-min-height elementor-section-boxed elementor-section-height-default elementor-section-items-middle\" data-id=\"019dc77\" data-element_type=\"section\" data-e-type=\"section\" data-settings=\"{&quot;background_background&quot;:&quot;classic&quot;}\">\n\t\t\t\t\t\t<div class=\"elementor-container elementor-column-gap-no\">\n\t\t\t\t\t<div class=\"elementor-column elementor-col-100 elementor-top-column elementor-element elementor-element-151803c\" data-id=\"151803c\" data-element_type=\"column\" data-e-type=\"column\">\n\t\t\t<div class=\"elementor-widget-wrap\">\n\t\t\t\t\t\t\t<\/div>\n\t\t<\/div>\n\t\t\t\t\t<\/div>\n\t\t<\/section>\n\t\t\t\t<section class=\"elementor-section elementor-top-section elementor-element elementor-element-c3b44ca elementor-section-height-min-height elementor-section-boxed elementor-section-height-default elementor-section-items-middle\" data-id=\"c3b44ca\" data-element_type=\"section\" data-e-type=\"section\" data-settings=\"{&quot;background_background&quot;:&quot;classic&quot;}\">\n\t\t\t\t\t\t<div class=\"elementor-container elementor-column-gap-no\">\n\t\t\t\t\t<div class=\"elementor-column elementor-col-100 elementor-top-column elementor-element elementor-element-26981b9\" data-id=\"26981b9\" data-element_type=\"column\" data-e-type=\"column\">\n\t\t\t<div class=\"elementor-widget-wrap elementor-element-populated\">\n\t\t\t\t\t\t<div class=\"elementor-element elementor-element-122f4d4 elementor-widget elementor-widget-heading\" data-id=\"122f4d4\" data-element_type=\"widget\" data-e-type=\"widget\" data-widget_type=\"heading.default\">\n\t\t\t\t<div class=\"elementor-widget-container\">\n\t\t\t\t\t<h2 class=\"elementor-heading-title elementor-size-default\">Gdje smo?<\/h2>\t\t\t\t<\/div>\n\t\t\t\t<\/div>\n\t\t\t\t<div class=\"elementor-element elementor-element-42673bf elementor-widget-divider--view-line elementor-widget elementor-widget-divider\" data-id=\"42673bf\" data-element_type=\"widget\" data-e-type=\"widget\" data-widget_type=\"divider.default\">\n\t\t\t\t<div class=\"elementor-widget-container\">\n\t\t\t\t\t\t\t<div class=\"elementor-divider\">\n\t\t\t<span class=\"elementor-divider-separator\">\n\t\t\t\t\t\t<\/span>\n\t\t<\/div>\n\t\t\t\t\t\t<\/div>\n\t\t\t\t<\/div>\n\t\t\t\t<section class=\"elementor-section elementor-inner-section elementor-element elementor-element-dc4d282 elementor-section-boxed elementor-section-height-default elementor-section-height-default\" data-id=\"dc4d282\" data-element_type=\"section\" data-e-type=\"section\">\n\t\t\t\t\t\t<div class=\"elementor-container elementor-column-gap-no\">\n\t\t\t\t\t<div class=\"elementor-column elementor-col-33 elementor-inner-column elementor-element elementor-element-e05505e\" data-id=\"e05505e\" data-element_type=\"column\" data-e-type=\"column\">\n\t\t\t<div class=\"elementor-widget-wrap elementor-element-populated\">\n\t\t\t\t\t\t<div class=\"elementor-element elementor-element-a38b6f4 elementor-widget elementor-widget-image\" data-id=\"a38b6f4\" data-element_type=\"widget\" data-e-type=\"widget\" data-widget_type=\"image.default\">\n\t\t\t\t<div class=\"elementor-widget-container\">\n\t\t\t\t\t\t\t\t\t\t\t\t\t\t\t<img fetchpriority=\"high\" decoding=\"async\" width=\"600\" height=\"450\" src=\"https:\/\/www.origami-klub-ludbreg.hr\/wp-content\/uploads\/2024\/04\/origami.jpg\" class=\"elementor-animation-float attachment-large size-large wp-image-1574\" alt=\"\" srcset=\"https:\/\/www.origami-klub-ludbreg.hr\/wp-content\/uploads\/2024\/04\/origami.jpg 600w, https:\/\/www.origami-klub-ludbreg.hr\/wp-content\/uploads\/2024\/04\/origami-300x225.jpg 300w\" sizes=\"(max-width: 600px) 100vw, 600px\" \/>\t\t\t\t\t\t\t\t\t\t\t\t\t\t\t<\/div>\n\t\t\t\t<\/div>\n\t\t\t\t\t<\/div>\n\t\t<\/div>\n\t\t\t\t<div class=\"elementor-column elementor-col-33 elementor-inner-column elementor-element elementor-element-67ce61e\" data-id=\"67ce61e\" data-element_type=\"column\" data-e-type=\"column\">\n\t\t\t<div class=\"elementor-widget-wrap elementor-element-populated\">\n\t\t\t\t\t\t<div class=\"elementor-element elementor-element-144d897 elementor-widget elementor-widget-text-editor\" data-id=\"144d897\" data-element_type=\"widget\" data-e-type=\"widget\" data-widget_type=\"text-editor.default\">\n\t\t\t\t<div class=\"elementor-widget-container\">\n\t\t\t\t\t\t\t\t\t<p>Tijekom prolje\u0107a 2024. nalazili smo se ponedjeljkom u 17h u Knji\u017enici i \u010ditaonici Mladen Kerstner u Ludbregu.<\/p><p>Od lipnja 2024. nastavljamo se nalaziti<strong> ponedjeljkom u 17h<\/strong>, ali na<strong> adresi Trg Svetog Trojstva 9<\/strong>.<\/p><p>Radimo u lijepoj, svijetloj u\u010dionici blizu centra svijeta.<\/p><div>Koristimo veliki ekran za projiciranje svih modela, a u\u010ditelj nam jo\u0161 i pokazuje korake svijanja po redu tako da svi sve mo\u017eemo napraviti istovremeno.<\/div><div>A oni koji sami znaju \u010ditati crte\u017ee rade sami i uvijek su prvi gotovi!<\/div>\t\t\t\t\t\t\t\t<\/div>\n\t\t\t\t<\/div>\n\t\t\t\t\t<\/div>\n\t\t<\/div>\n\t\t\t\t<div class=\"elementor-column elementor-col-33 elementor-inner-column elementor-element elementor-element-86a6116\" data-id=\"86a6116\" data-element_type=\"column\" data-e-type=\"column\">\n\t\t\t<div class=\"elementor-widget-wrap elementor-element-populated\">\n\t\t\t\t\t\t<div class=\"elementor-element elementor-element-8847082 elementor-widget elementor-widget-image\" data-id=\"8847082\" data-element_type=\"widget\" data-e-type=\"widget\" data-widget_type=\"image.default\">\n\t\t\t\t<div class=\"elementor-widget-container\">\n\t\t\t\t\t\t\t\t\t\t\t\t\t\t\t<img decoding=\"async\" width=\"1024\" height=\"768\" src=\"https:\/\/www.origami-klub-ludbreg.hr\/wp-content\/uploads\/2023\/09\/20230313_185234-1024x768.jpg\" class=\"elementor-animation-float attachment-large size-large wp-image-1456\" alt=\"\" srcset=\"https:\/\/www.origami-klub-ludbreg.hr\/wp-content\/uploads\/2023\/09\/20230313_185234-1024x768.jpg 1024w, https:\/\/www.origami-klub-ludbreg.hr\/wp-content\/uploads\/2023\/09\/20230313_185234-300x225.jpg 300w, https:\/\/www.origami-klub-ludbreg.hr\/wp-content\/uploads\/2023\/09\/20230313_185234-768x576.jpg 768w, https:\/\/www.origami-klub-ludbreg.hr\/wp-content\/uploads\/2023\/09\/20230313_185234-1536x1152.jpg 1536w, https:\/\/www.origami-klub-ludbreg.hr\/wp-content\/uploads\/2023\/09\/20230313_185234-2048x1536.jpg 2048w\" sizes=\"(max-width: 1024px) 100vw, 1024px\" \/>\t\t\t\t\t\t\t\t\t\t\t\t\t\t\t<\/div>\n\t\t\t\t<\/div>\n\t\t\t\t\t<\/div>\n\t\t<\/div>\n\t\t\t\t\t<\/div>\n\t\t<\/section>\n\t\t\t\t<section class=\"elementor-section elementor-inner-section elementor-element elementor-element-43ca934 elementor-section-boxed elementor-section-height-default elementor-section-height-default\" data-id=\"43ca934\" data-element_type=\"section\" data-e-type=\"section\">\n\t\t\t\t\t\t<div class=\"elementor-container elementor-column-gap-no\">\n\t\t\t\t\t<div class=\"elementor-column elementor-col-100 elementor-inner-column elementor-element elementor-element-4f69a48\" data-id=\"4f69a48\" data-element_type=\"column\" data-e-type=\"column\">\n\t\t\t<div class=\"elementor-widget-wrap elementor-element-populated\">\n\t\t\t\t\t\t<div class=\"elementor-element elementor-element-63bf662 elementor-widget elementor-widget-google_maps\" data-id=\"63bf662\" data-element_type=\"widget\" data-e-type=\"widget\" data-widget_type=\"google_maps.default\">\n\t\t\t\t<div class=\"elementor-widget-container\">\n\t\t\t\t\t\t\t<div class=\"elementor-custom-embed\">\n\t\t\t<iframe loading=\"lazy\"\n\t\t\t\t\tsrc=\"https:\/\/maps.google.com\/maps?q=Trg%20svetog%20trojstva%209%2C%20ludbreg&#038;t=m&#038;z=18&#038;output=embed&#038;iwloc=near\"\n\t\t\t\t\ttitle=\"Trg svetog trojstva 9, ludbreg\"\n\t\t\t\t\taria-label=\"Trg svetog trojstva 9, ludbreg\"\n\t\t\t><\/iframe>\n\t\t<\/div>\n\t\t\t\t\t\t<\/div>\n\t\t\t\t<\/div>\n\t\t\t\t\t<\/div>\n\t\t<\/div>\n\t\t\t\t\t<\/div>\n\t\t<\/section>\n\t\t\t\t\t<\/div>\n\t\t<\/div>\n\t\t\t\t\t<\/div>\n\t\t<\/section>\n\t\t\t\t<\/div>\n\t\t","protected":false},"excerpt":{"rendered":"<p>Gdje smo? Tijekom prolje\u0107a 2024. nalazili smo se ponedjeljkom u 17h u Knji\u017enici i \u010ditaonici Mladen Kerstner u Ludbregu. Od lipnja 2024. nastavljamo se nalaziti ponedjeljkom u 17h, ali na adresi Trg Svetog Trojstva 9. Radimo u lijepoj, svijetloj u\u010dionici blizu centra svijeta. Koristimo veliki ekran za projiciranje svih modela, a u\u010ditelj nam jo\u0161 i [&hellip;]<\/p>\n","protected":false},"author":1,"featured_media":0,"parent":0,"menu_order":0,"comment_status":"closed","ping_status":"closed","template":"elementor_header_footer","meta":{"site-sidebar-layout":"no-sidebar","site-content-layout":"page-builder","ast-site-content-layout":"full-width-container","site-content-style":"unboxed","site-sidebar-style":"unboxed","ast-global-header-display":"","ast-banner-title-visibility":"","ast-main-header-display":"","ast-hfb-above-header-display":"","ast-hfb-below-header-display":"","ast-hfb-mobile-header-display":"","site-post-title":"disabled","ast-breadcrumbs-content":"disabled","ast-featured-img":"disabled","footer-sml-layout":"","theme-transparent-header-meta":"enabled","adv-header-id-meta":"","stick-header-meta":"","header-above-stick-meta":"","header-main-stick-meta":"","header-below-stick-meta":"","astra-migrate-meta-layouts":"set","ast-page-background-enabled":"default","ast-page-background-meta":{"desktop":{"background-color":"","background-image":"","background-repeat":"repeat","background-position":"center center","background-size":"auto","background-attachment":"scroll","background-type":"","background-media":"","overlay-type":"","overlay-color":"","overlay-gradient":""},"tablet":{"background-color":"","background-image":"","background-repeat":"repeat","background-position":"center center","background-size":"auto","background-attachment":"scroll","background-type":"","background-media":"","overlay-type":"","overlay-color":"","overlay-gradient":""},"mobile":{"background-color":"","background-image":"","background-repeat":"repeat","background-position":"center center","background-size":"auto","background-attachment":"scroll","background-type":"","background-media":"","overlay-type":"","overlay-color":"","overlay-gradient":""}},"ast-content-background-meta":{"desktop":{"background-color":"var(--ast-global-color-5)","background-image":"","background-repeat":"repeat","background-position":"center center","background-size":"auto","background-attachment":"scroll","background-type":"","background-media":"","overlay-type":"","overlay-color":"","overlay-gradient":""},"tablet":{"background-color":"var(--ast-global-color-5)","background-image":"","background-repeat":"repeat","background-position":"center center","background-size":"auto","background-attachment":"scroll","background-type":"","background-media":"","overlay-type":"","overlay-color":"","overlay-gradient":""},"mobile":{"background-color":"var(--ast-global-color-5)","background-image":"","background-repeat":"repeat","background-position":"center center","background-size":"auto","background-attachment":"scroll","background-type":"","background-media":"","overlay-type":"","overlay-color":"","overlay-gradient":""}},"footnotes":""},"class_list":["post-1358","page","type-page","status-publish","hentry"],"_links":{"self":[{"href":"https:\/\/www.origami-klub-ludbreg.hr\/index.php\/wp-json\/wp\/v2\/pages\/1358","targetHints":{"allow":["GET"]}}],"collection":[{"href":"https:\/\/www.origami-klub-ludbreg.hr\/index.php\/wp-json\/wp\/v2\/pages"}],"about":[{"href":"https:\/\/www.origami-klub-ludbreg.hr\/index.php\/wp-json\/wp\/v2\/types\/page"}],"author":[{"embeddable":true,"href":"https:\/\/www.origami-klub-ludbreg.hr\/index.php\/wp-json\/wp\/v2\/users\/1"}],"replies":[{"embeddable":true,"href":"https:\/\/www.origami-klub-ludbreg.hr\/index.php\/wp-json\/wp\/v2\/comments?post=1358"}],"version-history":[{"count":27,"href":"https:\/\/www.origami-klub-ludbreg.hr\/index.php\/wp-json\/wp\/v2\/pages\/1358\/revisions"}],"predecessor-version":[{"id":1583,"href":"https:\/\/www.origami-klub-ludbreg.hr\/index.php\/wp-json\/wp\/v2\/pages\/1358\/revisions\/1583"}],"wp:attachment":[{"href":"https:\/\/www.origami-klub-ludbreg.hr\/index.php\/wp-json\/wp\/v2\/media?parent=1358"}],"curies":[{"name":"wp","href":"https:\/\/api.w.org\/{rel}","templated":true}]}}